{"id":10,"date":"2026-04-08T17:42:07","date_gmt":"2026-04-08T17:42:07","guid":{"rendered":"https:\/\/libertad-tv.com\/?page_id=10"},"modified":"2026-04-08T12:46:53","modified_gmt":"2026-04-08T18:46:53","slug":"portada","status":"publish","type":"page","link":"https:\/\/libertad-tv.tv\/","title":{"rendered":"Portada"},"content":{"rendered":"\n\n\t    <div class=\"container-fluid mt-0 pt-0 yt-feed-wrapper\">\n        <div class=\"row mt-0\">\n                                <div class=\"col-12 mb-4 mt-0\">\n                        <div class=\"embed-responsive embed-responsive-16by9 shadow-lg rounded\">\n                            <iframe class=\"embed-responsive-item\" src=\"https:\/\/www.youtube.com\/embed\/m-sssSQay7I?rel=0\" allowfullscreen><\/iframe>\n                        <\/div>\n                        <h2 class=\"mt-3 h4 font-weight-bold text-dark\">La era MILEI: libertad, CAPITALISMO y batalla cultural | Philipp BAGUS - La Casa Vac\u00eda x Libertad TV<\/h2>\n                    <\/div>\n                    <div class=\"col-12\"><div class=\"row\">\n                                                <div class=\"col-6 col-md-3 mb-3\">\n                        <a href=\"https:\/\/www.youtube.com\/watch?v=TREOioeyEfE\" target=\"_blank\" class=\"text-decoration-none\">\n                            <img decoding=\"async\" src=\"https:\/\/img.youtube.com\/vi\/TREOioeyEfE\/mqdefault.jpg\" class=\"img-fluid rounded shadow-sm w-100 mb-2\" style=\"aspect-ratio: 16\/9; object-fit: cover;\">\n                            <p class=\"small text-dark font-weight-bold mb-0\" style=\"display:-webkit-box;-webkit-line-clamp:2;-webkit-box-orient:vertical;overflow:hidden;line-height:1.2;\">\n                                Por qu\u00e9 la EDUCACI\u00d3N financiera NO deber\u00eda ense\u00f1arse en los colegios | DOMINGO SORIANO #1                            <\/p>\n                        <\/a>\n                    <\/div>\n                                                <div class=\"col-6 col-md-3 mb-3\">\n                        <a href=\"https:\/\/www.youtube.com\/watch?v=TqDkUvSpjGE\" target=\"_blank\" class=\"text-decoration-none\">\n                            <img decoding=\"async\" src=\"https:\/\/img.youtube.com\/vi\/TqDkUvSpjGE\/mqdefault.jpg\" class=\"img-fluid rounded shadow-sm w-100 mb-2\" style=\"aspect-ratio: 16\/9; object-fit: cover;\">\n                            <p class=\"small text-dark font-weight-bold mb-0\" style=\"display:-webkit-box;-webkit-line-clamp:2;-webkit-box-orient:vertical;overflow:hidden;line-height:1.2;\">\n                                Dinfudir las IDEAS de la LIBERTAD a trav\u00e9s de la EDUCACI\u00d3N FINANCIERA | DOMINGO SORIANO #1                            <\/p>\n                        <\/a>\n                    <\/div>\n                                                <div class=\"col-6 col-md-3 mb-3\">\n                        <a href=\"https:\/\/www.youtube.com\/watch?v=rlkmNGfL5gU\" target=\"_blank\" class=\"text-decoration-none\">\n                            <img decoding=\"async\" src=\"https:\/\/img.youtube.com\/vi\/rlkmNGfL5gU\/mqdefault.jpg\" class=\"img-fluid rounded shadow-sm w-100 mb-2\" style=\"aspect-ratio: 16\/9; object-fit: cover;\">\n                            <p class=\"small text-dark font-weight-bold mb-0\" style=\"display:-webkit-box;-webkit-line-clamp:2;-webkit-box-orient:vertical;overflow:hidden;line-height:1.2;\">\n                                \u00bfCu\u00e1l es la CARTERA de inversi\u00f3n IDEAL? | DOMINGO SORIANO #1                            <\/p>\n                        <\/a>\n                    <\/div>\n                                                <div class=\"col-6 col-md-3 mb-3\">\n                        <a href=\"https:\/\/www.youtube.com\/watch?v=hbwH1tYZX_4\" target=\"_blank\" class=\"text-decoration-none\">\n                            <img decoding=\"async\" src=\"https:\/\/img.youtube.com\/vi\/hbwH1tYZX_4\/mqdefault.jpg\" class=\"img-fluid rounded shadow-sm w-100 mb-2\" style=\"aspect-ratio: 16\/9; object-fit: cover;\">\n                            <p class=\"small text-dark font-weight-bold mb-0\" style=\"display:-webkit-box;-webkit-line-clamp:2;-webkit-box-orient:vertical;overflow:hidden;line-height:1.2;\">\n                                \u00bfTiene tesis de inversi\u00f3n EUROPA? | DOMINGO SORIANO #1                            <\/p>\n                        <\/a>\n                    <\/div>\n                                        <\/div><\/div> <\/div>\n\n        <div class=\"text-center mt-3\">\n         <a href=\"https:\/\/www.youtube.com\/@LibertadTV\" target=\"_blank\" style=\"background:#d0cc08; border:solid 1px #d0cc08; color:#000000;\" class=\"btn btn-danger btn-lg px-5 shadow-sm font-weight-bold\"><i class=\"fab fa-youtube mr-2\"><\/i> Ver m\u00e1s videos<\/a>\n        <\/div>\n    <\/div>\n    \n    <style>\n        \/* Forzamos que el contenedor de Beaver no a\u00f1ada espacio extra *\/\n        .fl-module-content { margin-top: 0 !important; padding-top: 0 !important; }\n        .yt-feed-wrapper { margin-top: -20px; } \/* Ajuste fino si persiste el espacio *\/\n    <\/style>\n    \n\n","protected":false},"excerpt":{"rendered":"","protected":false},"author":1,"featured_media":0,"parent":0,"menu_order":0,"comment_status":"closed","ping_status":"closed","template":"","meta":{"footnotes":""},"class_list":["post-10","page","type-page","status-publish","hentry"],"_links":{"self":[{"href":"https:\/\/libertad-tv.tv\/index.php?rest_route=\/wp\/v2\/pages\/10","targetHints":{"allow":["GET"]}}],"collection":[{"href":"https:\/\/libertad-tv.tv\/index.php?rest_route=\/wp\/v2\/pages"}],"about":[{"href":"https:\/\/libertad-tv.tv\/index.php?rest_route=\/wp\/v2\/types\/page"}],"author":[{"embeddable":true,"href":"https:\/\/libertad-tv.tv\/index.php?rest_route=\/wp\/v2\/users\/1"}],"replies":[{"embeddable":true,"href":"https:\/\/libertad-tv.tv\/index.php?rest_route=%2Fwp%2Fv2%2Fcomments&post=10"}],"version-history":[{"count":14,"href":"https:\/\/libertad-tv.tv\/index.php?rest_route=\/wp\/v2\/pages\/10\/revisions"}],"predecessor-version":[{"id":29,"href":"https:\/\/libertad-tv.tv\/index.php?rest_route=\/wp\/v2\/pages\/10\/revisions\/29"}],"wp:attachment":[{"href":"https:\/\/libertad-tv.tv\/index.php?rest_route=%2Fwp%2Fv2%2Fmedia&parent=10"}],"curies":[{"name":"wp","href":"https:\/\/api.w.org\/{rel}","templated":true}]}}